{"id":666,"date":"2013-05-05T19:47:01","date_gmt":"2013-05-05T17:47:01","guid":{"rendered":"http:\/\/500whp.net\/blog\/?page_id=666"},"modified":"2018-12-30T14:27:53","modified_gmt":"2018-12-30T12:27:53","slug":"liity","status":"publish","type":"page","link":"http:\/\/500whp.net\/blog\/?page_id=666","title":{"rendered":"J\u00e4senyys"},"content":{"rendered":"<p><img decoding=\"async\" src=\"http:\/\/500whp.net\/blog\/wp-content\/uploads\/2013\/05\/member.jpg\" \/><\/p>\n<p>Alla vaatimukset 500whp.net-kerhon j\u00e4senyydelle.<\/p>\n<p><b>1) 500 whp py\u00f6r\u00e4teho tai kampiakselilta&#8230;<\/b><\/p>\n<ul>\n<li>etuvedossa noin 530-580hp (tarkka lukema 556hp, sovelletaan 10% tehoh\u00e4vi\u00f6t\u00e4)<\/li>\n<li>takavedossa noin 550-600hp (tarkka lukema 588hp, sovelletaan 15% tehoh\u00e4vi\u00f6t\u00e4)<\/li>\n<li>nelivedossa noin 600-650hp (tarkka lukema 641hp, sovelletaan 22% tehoh\u00e4vi\u00f6t\u00e4)<\/li>\n<\/ul>\n<p><b>2) Teho\/painosuhde parempi kuin 0.25<\/b><\/p>\n<ul>\n<li>J\u00e4seneksi voi my\u00f6s p\u00e4\u00e4st\u00e4 mik\u00e4li autosi teho\/painosuhde on poikkeuksellisen hyv\u00e4. T\u00e4m\u00e4 on yll\u00e4pit\u00e4jien p\u00e4\u00e4tett\u00e4viss\u00e4.<\/li>\n<\/ul>\n<p><em>Ei muodostu ongelmaksi, ellei autosi massa ole yli 2000kg.<\/em><\/p>\n<p><b>3) Jokainen j\u00e4senyytt\u00e4 hakeva tarvitsee v\u00e4hint\u00e4\u00e4n yhden autoj\u00e4senen suosituksen.<\/b><\/p>\n<p>Lopullinen p\u00e4\u00e4t\u00f6svalta on yll\u00e4pit\u00e4jill\u00e4, joten j\u00e4seneksi voi my\u00f6s p\u00e4\u00e4st\u00e4 erikoiskutsusta. J\u00e4senyys voidaan my\u00f6s ev\u00e4t\u00e4, vaikka edell\u00e4mainitut kriteerit t\u00e4yttyisiv\u00e4tkin.<\/p>\n<p><b>Mik\u00e4li ehdot t\u00e4yttyv\u00e4t ja tahdot j\u00e4seneksi, niin voit pyyt\u00e4\u00e4 suosittelijaltasi e-mail osoitetta mihin j\u00e4senhakemus tulee j\u00e4tt\u00e4\u00e4. Suosittelemme panostamaan j\u00e4senhakemukseesi ja kertomaan siin\u00e4 mahdollisimman paljon oleellista tietoa autostasi ja itsest\u00e4si. N\u00e4in helpotat ja nopeutat \u00e4\u00e4nestyksen kulkua. Odotamme j\u00e4seneksi valituilta henkil\u00f6ilt\u00e4 aktiivisuutta kerhossa, joten se on hyv\u00e4 ottaa huomioon j\u00e4senyytt\u00e4 hakiessasi.<\/b><\/p>\n<p><img decoding=\"async\" style=\"box-shadow:none; border:0\" src=\"http:\/\/500whp.net\/images\/jointxt.png\" alt=\"\"\/><\/p>\n","protected":false},"excerpt":{"rendered":"<p>Alla vaatimukset 500whp.net-kerhon j\u00e4senyydelle. 1) 500 whp py\u00f6r\u00e4teho tai kampiakselilta&#8230; etuvedossa noin 530-580hp (tarkka lukema 556hp, sovelletaan 10% tehoh\u00e4vi\u00f6t\u00e4) takavedossa noin 550-600hp (tarkka lukema 588hp, sovelletaan 15% tehoh\u00e4vi\u00f6t\u00e4) nelivedossa noin 600-650hp (tarkka lukema 641hp, sovelletaan 22% tehoh\u00e4vi\u00f6t\u00e4) 2) Teho\/painosuhde parempi kuin 0.25 J\u00e4seneksi voi my\u00f6s p\u00e4\u00e4st\u00e4 mik\u00e4li autosi teho\/painosuhde on poikkeuksellisen hyv\u00e4. T\u00e4m\u00e4 on yll\u00e4pit\u00e4jien [&hellip;]<\/p>\n","protected":false},"author":1,"featured_media":0,"parent":0,"menu_order":0,"comment_status":"closed","ping_status":"open","template":"","meta":{"footnotes":""},"class_list":["post-666","page","type-page","status-publish","hentry"],"_links":{"self":[{"href":"http:\/\/500whp.net\/blog\/index.php?rest_route=\/wp\/v2\/pages\/666"}],"collection":[{"href":"http:\/\/500whp.net\/blog\/index.php?rest_route=\/wp\/v2\/pages"}],"about":[{"href":"http:\/\/500whp.net\/blog\/index.php?rest_route=\/wp\/v2\/types\/page"}],"author":[{"embeddable":true,"href":"http:\/\/500whp.net\/blog\/index.php?rest_route=\/wp\/v2\/users\/1"}],"replies":[{"embeddable":true,"href":"http:\/\/500whp.net\/blog\/index.php?rest_route=%2Fwp%2Fv2%2Fcomments&post=666"}],"version-history":[{"count":35,"href":"http:\/\/500whp.net\/blog\/index.php?rest_route=\/wp\/v2\/pages\/666\/revisions"}],"predecessor-version":[{"id":1757,"href":"http:\/\/500whp.net\/blog\/index.php?rest_route=\/wp\/v2\/pages\/666\/revisions\/1757"}],"wp:attachment":[{"href":"http:\/\/500whp.net\/blog\/index.php?rest_route=%2Fwp%2Fv2%2Fmedia&parent=666"}],"curies":[{"name":"wp","href":"https:\/\/api.w.org\/{rel}","templated":true}]}}