{"id":660,"date":"2013-05-05T19:27:31","date_gmt":"2013-05-05T17:27:31","guid":{"rendered":"http:\/\/500whp.net\/blog\/?page_id=660"},"modified":"2018-12-30T14:28:52","modified_gmt":"2018-12-30T12:28:52","slug":"statistiikka","status":"publish","type":"page","link":"http:\/\/500whp.net\/blog\/?page_id=660","title":{"rendered":"Statistiikka"},"content":{"rendered":"<p><img decoding=\"async\" src=\"http:\/\/500whp.net\/blog\/wp-content\/uploads\/2015\/09\/statistiikka2015.jpg\" \/><\/p>\n<p>Statistiikkaa kerhon j\u00e4senm\u00e4\u00e4r\u00e4st\u00e4 ja kalustosta.<\/p>\n<p>Rekister\u00f6ityneit\u00e4 j\u00e4seni\u00e4: <b>61<\/b><br \/>\nTehomitattujen katuautojen keskiarvo: <b>837,5 hp<\/b><br \/>\nKatuautojen maksimi dyno-tulos: <font color=\"red\"><b>1490<\/b><\/font><br \/>\nTehomitattujen katuautojen hevosvoimat yhteens\u00e4: <b>30151,9 hp<\/b><br \/>\nAloitusp\u00e4iv\u00e4m\u00e4\u00e4r\u00e4: <b>2008-11-1<\/b><br \/>\nP\u00e4ivitetty: <b>2015-09-16<\/b><\/p>\n<p>V\u00e4h\u00e4n lis\u00e4\u00e4 painetta &#8482;:<br \/>\n<iframe loading=\"lazy\" title=\"500whp.net Supra Dyno &amp; Standing Mile\" width=\"625\" height=\"352\" src=\"https:\/\/www.youtube.com\/embed\/eQ180obII9s?feature=oembed\" frameborder=\"0\" allow=\"accelerometer; autoplay; clipboard-write; encrypted-media; gyroscope; picture-in-picture; web-share\" referrerpolicy=\"strict-origin-when-cross-origin\" allowfullscreen><\/iframe><\/p>\n","protected":false},"excerpt":{"rendered":"<p>Statistiikkaa kerhon j\u00e4senm\u00e4\u00e4r\u00e4st\u00e4 ja kalustosta. Rekister\u00f6ityneit\u00e4 j\u00e4seni\u00e4: 61 Tehomitattujen katuautojen keskiarvo: 837,5 hp Katuautojen maksimi dyno-tulos: 1490 Tehomitattujen katuautojen hevosvoimat yhteens\u00e4: 30151,9 hp Aloitusp\u00e4iv\u00e4m\u00e4\u00e4r\u00e4: 2008-11-1 P\u00e4ivitetty: 2015-09-16 V\u00e4h\u00e4n lis\u00e4\u00e4 painetta &#8482;:<\/p>\n","protected":false},"author":1,"featured_media":0,"parent":0,"menu_order":0,"comment_status":"closed","ping_status":"open","template":"","meta":{"footnotes":""},"class_list":["post-660","page","type-page","status-publish","hentry"],"_links":{"self":[{"href":"http:\/\/500whp.net\/blog\/index.php?rest_route=\/wp\/v2\/pages\/660"}],"collection":[{"href":"http:\/\/500whp.net\/blog\/index.php?rest_route=\/wp\/v2\/pages"}],"about":[{"href":"http:\/\/500whp.net\/blog\/index.php?rest_route=\/wp\/v2\/types\/page"}],"author":[{"embeddable":true,"href":"http:\/\/500whp.net\/blog\/index.php?rest_route=\/wp\/v2\/users\/1"}],"replies":[{"embeddable":true,"href":"http:\/\/500whp.net\/blog\/index.php?rest_route=%2Fwp%2Fv2%2Fcomments&post=660"}],"version-history":[{"count":34,"href":"http:\/\/500whp.net\/blog\/index.php?rest_route=\/wp\/v2\/pages\/660\/revisions"}],"predecessor-version":[{"id":1759,"href":"http:\/\/500whp.net\/blog\/index.php?rest_route=\/wp\/v2\/pages\/660\/revisions\/1759"}],"wp:attachment":[{"href":"http:\/\/500whp.net\/blog\/index.php?rest_route=%2Fwp%2Fv2%2Fmedia&parent=660"}],"curies":[{"name":"wp","href":"https:\/\/api.w.org\/{rel}","templated":true}]}}